{"id":89,"date":"2016-08-22T08:28:42","date_gmt":"2016-08-22T06:28:42","guid":{"rendered":"https:\/\/selectedvillas.213-108-108-97.plesk.page\/oestrig-2\/"},"modified":"2016-08-22T08:28:42","modified_gmt":"2016-08-22T06:28:42","slug":"oestrig-2","status":"publish","type":"page","link":"https:\/\/selectedvillas.dk\/nn\/oestrig-2\/","title":{"rendered":"\u00d8strig"},"content":{"rendered":"<p>&nbsp;<\/p>\n<table>\n<tbody>\n<tr>\n<td valign=\"top\"><span class=\"sub_header\">Sommer- og vinterboliger i Seefeld, &Oslash;sterrike<\/span><\/p>\n<p>Sommer- og vinterboliger i Seefeld, &Oslash;sterrike<\/p>\n<p>Mange har etterspurt ferieboliger i &Oslash;sterrike, som kvalitetsmessig lever opp til v&aring;re boliger i Italia. Vi har derfor lagt oss i selen og funnet fem lekre leiligheter i Seefeld &ndash; tett p&aring; Innsbruck i Tyrol, &Oslash;sterrike.<\/p>\n<p>Leilighetene er bare et par &aring;r gamle og er bygget spesielt for skigjester. De er derfor innredet med t&oslash;rke- og vaskekjeller, badstue og felles stue, hvis man skulle &oslash;nske &aring; m&oslash;tes utenfor leilighetene. Fellesstuen er perfekt til kortspill, et glass &oslash;l eller annet sosialt samv&aelig;r.<\/p>\n<p>Det er er fem leiligheter til disposisjon, alle smakfullt innredet med behagelige m&oslash;bler, alle fasiliteter og fullt utstyrt kj&oslash;kken med oppvaskmaskin. Det er fri Wi-Fi i alle leilighetene, samt privat hage eller terrasse.<\/p>\n<p>I tillegg til &aring; v&aelig;re tilrettelagt for skigjester, er leilighetene sv&aelig;rt velegnet til annen type turisme utenfor skisesongen. Seefeld er en hyggelig by som oser av tyrolerstemning. Byen har mange hyggelige restauranter, butikker og kulturelle begivenheter.<\/p>\n<p>Seefeld er en kjent og anerkjent olympisk by, som har lykkes med &aring; bevare den originale sjarme og samtidig tilpasse seg moderne &oslash;nsker og krav. Det er for eksempel fri Wi-Fi i hele byen. Utenfor de familievennlige ski-omr&aring;dene, er det et stort tilbud av turstier, golfbaner, innen- og utend&oslash;rs tennisbaner og offentlige sv&oslash;mmeanlegg.<\/p>\n<p>Hovedstaden i Tyrol er Innsbruck, som ligger 25 km fra Seefeld ved grensen mellom &Oslash;sterrike og Italia. Den internasjonale flyplassen ligger ved Innsbruck. Brennerpasset er bare 55 km unna Innsbruck, og M&uuml;nchen kan man kj&oslash;re til p&aring; under 1 &frac12; time.<\/p>\n<p>For ytterligere informasjon og reservasjon &ndash; ta kontakt med You Go.<\/p>\n<div>&nbsp;<\/div>\n<table width=\"469\" border=\"0\" cellpadding=\"2\" cellspacing=\"2\" align=\"left\">\n<tbody>\n<tr>\n<td class=\"rteleft\" height=\"10\"><span style=\"font-size: xx-small;\">&nbsp;<\/span><\/td>\n<td class=\"rteleft\"><span style=\"font-size: xx-small;\">03.01.2015-<br \/>\n                        05.02.016 &amp; 06.03.2016-<br \/>\n                        27.03.2016<\/span><\/td>\n<td class=\"rteleft\"><span style=\"font-size: xx-small;\">06.02.2016-31.03.2016<\/p>\n<p>                        <br type=\"_moz\" \/><br \/>\n                        <\/span><\/td>\n<td class=\"rteleft\"><span style=\"font-size: xx-small;\">01.04.2016&ndash;05.07.2016 &amp;<br \/>\n                        30.08.2016&ndash;30.11.2016<\/span><\/td>\n<td class=\"rteleft\"><span style=\"font-size: xx-small;\">05.07.2016-30.08.2016<\/p>\n<p>                        <br type=\"_moz\" \/><br \/>\n                        <\/span><\/td>\n<td class=\"rteleft\"><span style=\"font-size: xx-small;\">18.12.2016&ndash;02.01.201<br \/>\n                        (min. 10 dage)<\/span><\/td>\n<\/tr>\n<tr>\n<td class=\"rteleft\">Tov&aelig;r. lejlighed, 2 pers.<br \/>\n                        &nbsp;<\/td>\n<td class=\"rteleft\">1000 DKK<br \/>\n                        &nbsp;<\/td>\n<td class=\"rteleft\">1575 DKK<br \/>\n                        &nbsp;<\/td>\n<td class=\"rteleft\">850 DDK<br \/>\n                        &nbsp;<\/td>\n<td class=\"rteleft\">1600 DKK<br \/>\n                        &nbsp;<\/td>\n<td class=\"rteleft\">2350 DKK<br \/>\n                        &nbsp;<\/td>\n<\/tr>\n<tr>\n<td class=\"rteleft\">Tov&aelig;r. lejlighed, 4 pers.<br \/>\n                        &nbsp;<\/td>\n<td class=\"rteleft\">1300 DKK<br \/>\n                        &nbsp;<\/td>\n<td class=\"rteleft\">1575 DKK<br \/>\n                        &nbsp;<\/td>\n<td class=\"rteleft\">1125 DKK<br \/>\n                        &nbsp;<\/td>\n<td class=\"rteleft\">1750 DKK<br \/>\n                        &nbsp;<\/td>\n<td class=\"rteleft\">2350 DKK<br \/>\n                        &nbsp;<\/td>\n<\/tr>\n<tr>\n<td class=\"rteleft\">Trev&aelig;r. lejlighed, 4 pers.<br \/>\n                        &nbsp;<\/td>\n<td class=\"rteleft\">1825 DKK<br \/>\n                        &nbsp;<\/td>\n<td class=\"rteleft\">2015 DKK<br \/>\n                        &nbsp;<\/td>\n<td class=\"rteleft\">1575 DKK<br \/>\n                        &nbsp;<\/td>\n<td class=\"rteleft\">2200 DKK<br \/>\n                        &nbsp;<\/td>\n<td class=\"rteleft\">3100 DKK<br \/>\n                        &nbsp;<\/td>\n<\/tr>\n<tr>\n<td class=\"rteleft\">Trev&aelig;r. lejlighed, 5 pers.<br \/>\n                        &nbsp;<\/td>\n<td class=\"rteleft\">1825 DKK<br \/>\n                        &nbsp;<\/td>\n<td class=\"rteleft\">2025 DKK<br \/>\n                        &nbsp;<\/td>\n<td class=\"rteleft\">1750 DKK<br \/>\n                        &nbsp;<\/td>\n<td class=\"rteleft\">2350 DKK<br \/>\n                        &nbsp;<\/td>\n<td class=\"rteleft\">3100 DKK<br \/>\n                        &nbsp;<\/td>\n<\/tr>\n<tr>\n<td class=\"rteleft\">Trev&aelig;r. lejlighed, 6 pers.<br \/>\n                        &nbsp;<\/td>\n<td class=\"rteleft\">1825 DKK<br \/>\n                        &nbsp;<\/td>\n<td class=\"rteleft\">2025 DKK<br \/>\n                        &nbsp;<\/td>\n<td class=\"rteleft\">1850 DKK<br \/>\n                        &nbsp;<\/td>\n<td class=\"rteleft\">2500 DKK<br \/>\n                        &nbsp;<\/td>\n<td class=\"rteleft\">3100 DKK<br \/>\n                        &nbsp;<\/td>\n<\/tr>\n<\/tbody>\n<\/table>\n<p>&nbsp;<\/p>\n<p>&nbsp;<\/p>\n<p>&nbsp;<\/p>\n<p>&nbsp;<\/p>\n<p>&nbsp;<\/p>\n<p>&nbsp;<\/p>\n<p>&nbsp;<\/p>\n<p>&nbsp;<\/p>\n<p>&nbsp;<\/p>\n<p>&nbsp;<\/p>\n<p>&nbsp;<\/p>\n<p>&nbsp;<\/p>\n<p>&nbsp;<\/p>\n<p><span style=\"font-size: 1em;\"><\/p>\n<p>\n            Prisen er pr. dag. Min. to n&aelig;tter hvis ikke andet er anf&oslash;rt.<br \/>\n            <\/span>Slutreng&oslash;ring (kun ved ophold l&aelig;ngere end tre dage): hhv. 75 EUR og 95 EUR &ndash; afregnes lokalt.<\/p>\n<\/td>\n<td><\/td>\n<\/tr>\n<\/tbody>\n<\/table>\n<p>&nbsp;<\/p>\n<p>&nbsp;<\/p>\n","protected":false},"excerpt":{"rendered":"<p>&nbsp;<\/p>\n<table>\n<tbody>\n<tr>\n<td valign=\"top\"><span class=\"sub_header\">Sommer- og vinterboliger i Seefeld, &Oslash;sterrike<\/span><\/p>\n<p>Sommer- og vinterboliger i Seefeld, &Oslash;sterrike<\/p>\n<p>Mange har etterspurt ferieboliger i &Oslash;sterrike, som kvalitetsmessig lever opp til v&aring;re boliger i Italia. Vi har derfor lagt oss i selen og funnet fem lekre leiligheter i Seefeld &ndash; tett p&aring; Innsbruck i Tyrol, &Oslash;sterrike.<\/p>\n<p>Leilighetene er bare et par &aring;r gamle og er bygget spesielt for skigjester. De er derfor innredet med t&oslash;rke- og vaskekjeller, badstue og felles stue, hvis man skulle &oslash;nske &aring; m&oslash;tes utenfor leilighetene. Fellesstuen er perfekt til kortspill, et glass &oslash;l eller annet sosialt samv&aelig;r.<\/p>\n<p>Det er er fem leiligheter til disposisjon, alle smakfullt innredet med behagelige m&oslash;bler, alle fasiliteter og fullt utstyrt kj&oslash;kken med oppvaskmaskin. Det er fri Wi-Fi i alle leilighetene, samt privat hage eller terrasse.<\/p>\n<p>I tillegg til &aring; v&aelig;re tilrettelagt for skigjester, er leilighetene sv&aelig;rt velegnet til annen type turisme utenfor skisesongen. Seefeld er en hyggelig by som oser av tyrolerstemning. Byen har mange hyggelige restauranter, butikker og kulturelle begivenheter.<\/p>\n<p>Seefeld er en kjent og anerkjent olympisk by, som har lykkes med &aring; bevare den originale sjarme og samtidig tilpasse seg moderne &oslash;nsker og krav. Det er for eksempel fri Wi-Fi i hele byen. Utenfor de familievennlige ski-omr&aring;dene, er det et stort tilbud av turstier, golfbaner, innen- og utend&oslash;rs tennisbaner og offentlige sv&oslash;mmeanlegg.<\/p>\n<p>Hovedstaden i Tyrol er Innsbruck, som ligger 25 km fra Seefeld ved grensen mellom &Oslash;sterrike og Italia. Den internasjonale flyplassen ligger ved Innsbruck. Brennerpasset er bare 55 km unna Innsbruck, og M&uuml;nchen kan man kj&oslash;re til p&aring; under 1 &frac12; time.<\/p>\n<p>For ytterligere informasjon og reservasjon &ndash; ta kontakt med You Go.<\/p>\n<div>&nbsp;<\/div>\n<table width=\"469\" border=\"0\" cellpadding=\"2\" cellspacing=\"2\" align=\"left\">\n<tbody>\n<tr>\n<td class=\"rteleft\" height=\"10\"><span style=\"font-size: xx-small;\">&nbsp;<\/span><\/td>\n<td class=\"rteleft\"><span style=\"font-size: xx-small;\">03.01.2015-<br \/>\n                        05.02.016 &amp; 06.03.2016-<br \/>\n                        27.03.2016<\/span><\/td>\n<td class=\"rteleft\"><span style=\"font-size: xx-small;\">06.02.2016-31.03.2016<\/p>\n<p>                        <br type=\"_moz\" \/><br \/>\n                        <\/span><\/td>\n<td class=\"rteleft\"><span style=\"font-size: xx-small;\">01.04.2016&ndash;05.07.2016 &amp;<br \/>\n                        30.08.2016&ndash;30.11.2016<\/span><\/td>\n<td class=\"rteleft\"><span style=\"font-size: xx-small;\">05.07.2016-30.08.2016<\/p>\n<p>                        <br type=\"_moz\" \/><br \/>\n                        <\/span><\/td>\n<td class=\"rteleft\"><span style=\"font-size: xx-small;\">18.12.2016&ndash;02.01.201<br \/>\n                        (min. 10 dage)<\/span><\/td>\n<\/tr>\n<tr>\n<td class=\"rteleft\">Tov&aelig;r. lejlighed, 2 pers.<br \/>\n                        &nbsp;<\/td>\n<td class=\"rteleft\">1000 DKK<br \/>\n                        &nbsp;<\/td>\n<td class=\"rteleft\">1575 DKK<br \/>\n                        &nbsp;<\/td>\n<td class=\"rteleft\">850 DDK<br \/>\n                        &nbsp;<\/td>\n<td class=\"rteleft\">1600 DKK<br \/>\n                        &nbsp;<\/td>\n<td class=\"rteleft\">2350 DKK<br \/>\n                        &nbsp;<\/td>\n<\/tr>\n<tr>\n<td class=\"rteleft\">Tov&aelig;r. lejlighed, 4 pers.<br \/>\n                        &nbsp;<\/td>\n<td class=\"rteleft\">1300 DKK<br \/>\n                        &nbsp;<\/td>\n<td class=\"rteleft\">1575 DKK<br \/>\n                        &nbsp;<\/td>\n<td class=\"rteleft\">1125 DKK<br \/>\n                        &nbsp;<\/td>\n<td class=\"rteleft\">1750 DKK<br \/>\n                        &nbsp;<\/td>\n<td class=\"rteleft\">2350 DKK<br \/>\n                        &nbsp;<\/td>\n<\/tr>\n<tr>\n<td class=\"rteleft\">Trev&aelig;r. lejlighed, 4 pers.<br \/>\n                        &nbsp;<\/td>\n<td class=\"rteleft\">1825 DKK<br \/>\n                        &nbsp;<\/td>\n<td class=\"rteleft\">2015 DKK<br \/>\n                        &nbsp;<\/td>\n<td class=\"rteleft\">1575 DKK<br \/>\n                        &nbsp;<\/td>\n<td class=\"rteleft\">2200 DKK<br \/>\n                        &nbsp;<\/td>\n<td class=\"rteleft\">3100 DKK<br \/>\n                        &nbsp;<\/td>\n<\/tr>\n<tr>\n<td class=\"rteleft\">Trev&aelig;r. lejlighed, 5 pers.<br \/>\n                        &nbsp;<\/td>\n<td class=\"rteleft\">1825 DKK<br \/>\n                        &nbsp;<\/td>\n<td class=\"rteleft\">2025 DKK<br \/>\n                        &nbsp;<\/td>\n<td class=\"rteleft\">1750 DKK<br \/>\n                        &nbsp;<\/td>\n<td class=\"rteleft\">2350 DKK<br \/>\n                        &nbsp;<\/td>\n<td class=\"rteleft\">3100 DKK<br \/>\n                        &nbsp;<\/td>\n<\/tr>\n<tr>\n<td class=\"rteleft\">Trev&aelig;r. lejlighed, 6 pers.<br \/>\n                        &nbsp;<\/td>\n<td class=\"rteleft\">1825 DKK<br \/>\n                        &nbsp;<\/td>\n<td class=\"rteleft\">2025 DKK<br \/>\n                        &nbsp;<\/td>\n<td class=\"rteleft\">1850 DKK<br \/>\n                        &nbsp;<\/td>\n<td class=\"rteleft\">2500 DKK<br \/>\n                        &nbsp;<\/td>\n<td class=\"rteleft\">3100 DKK<br \/>\n                        &nbsp;<\/td>\n<\/tr>\n<\/tbody>\n<\/table>\n<p>&nbsp;<\/p>\n<p>&nbsp;<\/p>\n<p>&nbsp;<\/p>\n<p>&nbsp;<\/p>\n<p>&nbsp;<\/p>\n<p>&nbsp;<\/p>\n<p>&nbsp;<\/p>\n<p>&nbsp;<\/p>\n<p>&nbsp;<\/p>\n<p>&nbsp;<\/p>\n<p>&nbsp;<\/p>\n<p>&nbsp;<\/p>\n<p>&nbsp;<\/p>\n<p><span style=\"font-size: 1em;\"><\/p>\n<p>\n            Prisen er pr. dag. Min. to n&aelig;tter hvis ikke andet er anf&oslash;rt.<br \/>\n            <\/span>Slutreng&oslash;ring (kun ved ophold l&aelig;ngere end tre dage): hhv. 75 EUR og 95 EUR &ndash; afregnes lokalt.<\/p>\n<\/td>\n<td><\/td>\n<\/tr>\n<\/tbody>\n<\/table>\n<p>&nbsp;<\/p>\n<p>&nbsp;<\/p>\n","protected":false},"author":2,"featured_media":81,"parent":0,"menu_order":0,"comment_status":"closed","ping_status":"closed","template":"","meta":{"_exactmetrics_skip_tracking":false,"_exactmetrics_sitenote_active":false,"_exactmetrics_sitenote_note":"","_exactmetrics_sitenote_category":0,"footnotes":""},"omrde":[],"class_list":["post-89","page","type-page","status-publish","has-post-thumbnail","hentry"],"acf":[],"yoast_head":"<title>\u00d8strig<\/title>\n<meta name=\"robots\" content=\"index, follow, max-snippet:-1, max-image-preview:large, max-video-preview:-1\" \/>\n<link rel=\"canonical\" href=\"https:\/\/selectedvillas.dk\/ostrig\/\" \/>\n<meta property=\"og:locale\" content=\"nn_NO\" \/>\n<meta property=\"og:type\" content=\"article\" \/>\n<meta property=\"og:title\" content=\"\u00d8strig\" \/>\n<meta property=\"og:description\" content=\"\u00a0                Sommer- og vinterboliger i Seefeld, \u00d8sterrike       Sommer- og vinterboliger i Seefeld, \u00d8sterrike       Mange har etterspurt ferieboliger i \u00d8sterrike, som kvalitetsmessig lever ...\" \/>\n<meta property=\"og:url\" content=\"https:\/\/selectedvillas.dk\/ostrig\/\" \/>\n<meta property=\"og:site_name\" content=\"Selectedvillas.dk\" \/>\n<meta property=\"og:image\" content=\"https:\/\/selectedvillas.dk\/wp-content\/uploads\/2016\/01\/seefeld2_461x690.jpg\" \/>\n\t<meta property=\"og:image:width\" content=\"461\" \/>\n\t<meta property=\"og:image:height\" content=\"990\" \/>\n\t<meta property=\"og:image:type\" content=\"image\/jpeg\" \/>\n<meta name=\"twitter:card\" content=\"summary_large_image\" \/>\n<meta name=\"twitter:label1\" content=\"Est. reading time\" \/>\n\t<meta name=\"twitter:data1\" content=\"2 minutt\" \/>\n<script type=\"application\/ld+json\" class=\"yoast-schema-graph\">{\"@context\":\"https:\/\/schema.org\",\"@graph\":[{\"@type\":\"WebPage\",\"@id\":\"https:\/\/selectedvillas.dk\/ostrig\/\",\"url\":\"https:\/\/selectedvillas.dk\/ostrig\/\",\"name\":\"\u00d8strig\",\"isPartOf\":{\"@id\":\"https:\/\/selectedvillas.dk\/#website\"},\"primaryImageOfPage\":{\"@id\":\"https:\/\/selectedvillas.dk\/ostrig\/#primaryimage\"},\"image\":{\"@id\":\"https:\/\/selectedvillas.dk\/ostrig\/#primaryimage\"},\"thumbnailUrl\":\"https:\/\/selectedvillas.dk\/wp-content\/uploads\/2016\/01\/seefeld2_461x690.jpg\",\"datePublished\":\"2016-08-22T06:28:42+00:00\",\"breadcrumb\":{\"@id\":\"https:\/\/selectedvillas.dk\/ostrig\/#breadcrumb\"},\"inLanguage\":\"nn-NO\",\"potentialAction\":[{\"@type\":\"ReadAction\",\"target\":[\"https:\/\/selectedvillas.dk\/ostrig\/\"]}]},{\"@type\":\"ImageObject\",\"inLanguage\":\"nn-NO\",\"@id\":\"https:\/\/selectedvillas.dk\/ostrig\/#primaryimage\",\"url\":\"https:\/\/selectedvillas.dk\/wp-content\/uploads\/2016\/01\/seefeld2_461x690.jpg\",\"contentUrl\":\"https:\/\/selectedvillas.dk\/wp-content\/uploads\/2016\/01\/seefeld2_461x690.jpg\",\"width\":461,\"height\":990},{\"@type\":\"BreadcrumbList\",\"@id\":\"https:\/\/selectedvillas.dk\/ostrig\/#breadcrumb\",\"itemListElement\":[{\"@type\":\"ListItem\",\"position\":1,\"name\":\"Hjem\",\"item\":\"https:\/\/selectedvillas.dk\/nn\/\"},{\"@type\":\"ListItem\",\"position\":2,\"name\":\"\u00d8strig\"}]},{\"@type\":\"WebSite\",\"@id\":\"https:\/\/selectedvillas.dk\/#website\",\"url\":\"https:\/\/selectedvillas.dk\/\",\"name\":\"Selectedvillas.dk\",\"description\":\"Ferieboliger i Italien - Rejser og ture\",\"publisher\":{\"@id\":\"https:\/\/selectedvillas.dk\/#organization\"},\"potentialAction\":[{\"@type\":\"SearchAction\",\"target\":{\"@type\":\"EntryPoint\",\"urlTemplate\":\"https:\/\/selectedvillas.dk\/?s={search_term_string}\"},\"query-input\":{\"@type\":\"PropertyValueSpecification\",\"valueRequired\":true,\"valueName\":\"search_term_string\"}}],\"inLanguage\":\"nn-NO\"},{\"@type\":\"Organization\",\"@id\":\"https:\/\/selectedvillas.dk\/#organization\",\"name\":\"Selectedvillas.dk\",\"url\":\"https:\/\/selectedvillas.dk\/\",\"logo\":{\"@type\":\"ImageObject\",\"inLanguage\":\"nn-NO\",\"@id\":\"https:\/\/selectedvillas.dk\/#\/schema\/logo\/image\/\",\"url\":\"https:\/\/selectedvillas.dk\/wp-content\/uploads\/2017\/05\/cropped-logo2-2.png\",\"contentUrl\":\"https:\/\/selectedvillas.dk\/wp-content\/uploads\/2017\/05\/cropped-logo2-2.png\",\"width\":232,\"height\":103,\"caption\":\"Selectedvillas.dk\"},\"image\":{\"@id\":\"https:\/\/selectedvillas.dk\/#\/schema\/logo\/image\/\"}}]}<\/script>","yoast_head_json":{"title":"\u00d8strig","robots":{"index":"index","follow":"follow","max-snippet":"max-snippet:-1","max-image-preview":"max-image-preview:large","max-video-preview":"max-video-preview:-1"},"canonical":"https:\/\/selectedvillas.dk\/ostrig\/","og_locale":"nn_NO","og_type":"article","og_title":"\u00d8strig","og_description":"\u00a0                Sommer- og vinterboliger i Seefeld, \u00d8sterrike       Sommer- og vinterboliger i Seefeld, \u00d8sterrike       Mange har etterspurt ferieboliger i \u00d8sterrike, som kvalitetsmessig lever ...","og_url":"https:\/\/selectedvillas.dk\/ostrig\/","og_site_name":"Selectedvillas.dk","og_image":[{"width":461,"height":990,"url":"https:\/\/selectedvillas.dk\/wp-content\/uploads\/2016\/01\/seefeld2_461x690.jpg","type":"image\/jpeg"}],"twitter_card":"summary_large_image","twitter_misc":{"Est. reading time":"2 minutt"},"schema":{"@context":"https:\/\/schema.org","@graph":[{"@type":"WebPage","@id":"https:\/\/selectedvillas.dk\/ostrig\/","url":"https:\/\/selectedvillas.dk\/ostrig\/","name":"\u00d8strig","isPartOf":{"@id":"https:\/\/selectedvillas.dk\/#website"},"primaryImageOfPage":{"@id":"https:\/\/selectedvillas.dk\/ostrig\/#primaryimage"},"image":{"@id":"https:\/\/selectedvillas.dk\/ostrig\/#primaryimage"},"thumbnailUrl":"https:\/\/selectedvillas.dk\/wp-content\/uploads\/2016\/01\/seefeld2_461x690.jpg","datePublished":"2016-08-22T06:28:42+00:00","breadcrumb":{"@id":"https:\/\/selectedvillas.dk\/ostrig\/#breadcrumb"},"inLanguage":"nn-NO","potentialAction":[{"@type":"ReadAction","target":["https:\/\/selectedvillas.dk\/ostrig\/"]}]},{"@type":"ImageObject","inLanguage":"nn-NO","@id":"https:\/\/selectedvillas.dk\/ostrig\/#primaryimage","url":"https:\/\/selectedvillas.dk\/wp-content\/uploads\/2016\/01\/seefeld2_461x690.jpg","contentUrl":"https:\/\/selectedvillas.dk\/wp-content\/uploads\/2016\/01\/seefeld2_461x690.jpg","width":461,"height":990},{"@type":"BreadcrumbList","@id":"https:\/\/selectedvillas.dk\/ostrig\/#breadcrumb","itemListElement":[{"@type":"ListItem","position":1,"name":"Hjem","item":"https:\/\/selectedvillas.dk\/nn\/"},{"@type":"ListItem","position":2,"name":"\u00d8strig"}]},{"@type":"WebSite","@id":"https:\/\/selectedvillas.dk\/#website","url":"https:\/\/selectedvillas.dk\/","name":"Selectedvillas.dk","description":"Ferieboliger i Italien - Rejser og ture","publisher":{"@id":"https:\/\/selectedvillas.dk\/#organization"},"potentialAction":[{"@type":"SearchAction","target":{"@type":"EntryPoint","urlTemplate":"https:\/\/selectedvillas.dk\/?s={search_term_string}"},"query-input":{"@type":"PropertyValueSpecification","valueRequired":true,"valueName":"search_term_string"}}],"inLanguage":"nn-NO"},{"@type":"Organization","@id":"https:\/\/selectedvillas.dk\/#organization","name":"Selectedvillas.dk","url":"https:\/\/selectedvillas.dk\/","logo":{"@type":"ImageObject","inLanguage":"nn-NO","@id":"https:\/\/selectedvillas.dk\/#\/schema\/logo\/image\/","url":"https:\/\/selectedvillas.dk\/wp-content\/uploads\/2017\/05\/cropped-logo2-2.png","contentUrl":"https:\/\/selectedvillas.dk\/wp-content\/uploads\/2017\/05\/cropped-logo2-2.png","width":232,"height":103,"caption":"Selectedvillas.dk"},"image":{"@id":"https:\/\/selectedvillas.dk\/#\/schema\/logo\/image\/"}}]}},"_links":{"self":[{"href":"https:\/\/selectedvillas.dk\/nn\/wp-json\/wp\/v2\/pages\/89","targetHints":{"allow":["GET"]}}],"collection":[{"href":"https:\/\/selectedvillas.dk\/nn\/wp-json\/wp\/v2\/pages"}],"about":[{"href":"https:\/\/selectedvillas.dk\/nn\/wp-json\/wp\/v2\/types\/page"}],"author":[{"embeddable":true,"href":"https:\/\/selectedvillas.dk\/nn\/wp-json\/wp\/v2\/users\/2"}],"replies":[{"embeddable":true,"href":"https:\/\/selectedvillas.dk\/nn\/wp-json\/wp\/v2\/comments?post=89"}],"version-history":[{"count":0,"href":"https:\/\/selectedvillas.dk\/nn\/wp-json\/wp\/v2\/pages\/89\/revisions"}],"wp:featuredmedia":[{"embeddable":true,"href":"https:\/\/selectedvillas.dk\/nn\/wp-json\/wp\/v2\/media\/81"}],"wp:attachment":[{"href":"https:\/\/selectedvillas.dk\/nn\/wp-json\/wp\/v2\/media?parent=89"}],"wp:term":[{"taxonomy":"omrde","embeddable":true,"href":"https:\/\/selectedvillas.dk\/nn\/wp-json\/wp\/v2\/omrde?post=89"}],"curies":[{"name":"wp","href":"https:\/\/api.w.org\/{rel}","templated":true}]}}