{"id":87,"date":"2016-08-22T08:15:19","date_gmt":"2016-08-22T06:15:19","guid":{"rendered":"https:\/\/selectedvillas.213-108-108-97.plesk.page\/om-you-go-2\/"},"modified":"2017-10-21T16:46:09","modified_gmt":"2017-10-21T14:46:09","slug":"om-you-go-2","status":"publish","type":"page","link":"https:\/\/selectedvillas.dk\/nn\/om-you-go-2\/","title":{"rendered":"Om You Go"},"content":{"rendered":"<table>\n<tbody>\n<tr>\n<td valign=\"top\">\n<h1><span class=\"sub_header\">Kall oss bare Italia-eksperten&#8230;<\/span><\/h1>\n<p>&#8230; det gj\u00f8r oss ingenting.<\/p>\n<div>You Go har nemlig spesialisert seg i \u00e5 finnes ferieboliger i det autentiske, ekte Italia. Vi strekker oss langt for \u00e5 finne de virkelige unike stedene.<\/div>\n<div>\u00a0<\/div>\n<div>V\u00e5rt m\u00e5l er ikke \u00e5 finne boliger som er s\u00e5 billig som mulig. Men vi har heller ikke m\u00e5l om det motsatte. Vi vil mye heller konsentrere oss om \u00e5 finne spennende boliger og de virkelig gode opplevelsene.<\/div>\n<div>\u00a0<\/div>\n<div>Alle som har v\u00e6rt i Italia, vet at det ikke finnes \u00e9n ting, ett sted, \u00e9n vin eller \u00e9n matrett som representerer det ekte Italia. Tvert imot vrimler det av dem, p\u00e5 mange steder. Disse stedene har vi gjort det til v\u00e5rt prosjekt \u00e5 finne.<\/div>\n<div>\u00a0<\/div>\n<div>Med gode samarbeidspartnere og huseiere p\u00e5 stedet synes vi ogs\u00e5 at vi kan presentere noe vi selv kan st\u00e5 inne for. Dette er steder som gir base for en god ferie.<\/div>\n<div>\u00a0<\/div>\n<div>Uansett om man skal p\u00e5 tur med sine barn ved vannet eller p\u00e5 en ving\u00e5rd, samle storfamilien i en spesiell leilighet i pomp\u00f8se omgivelser, nyte soppsesongen eller italiensk kunst- og kulturskatter med venner eller kastet seg ut \u00a0i en romantisk flukt fra hverdagen, er You Go garantien for at det beste utgangspunktet er p\u00e5 plass. P\u00e5 toppen av det hele f\u00e5r du vakker utsikt og vennlige mennesker med p\u00e5 kj\u00f8pet.<\/div>\n<div>\u00a0<\/div>\n<p>&nbsp;<\/p>\n<p>&nbsp;<\/p>\n<p>&nbsp;<\/p>\n<\/td>\n<td><img loading=\"lazy\" decoding=\"async\" class=\"about_us_img size-full wp-image-18\" src=\"https:\/\/selectedvillas.dk\/wp-content\/uploads\/2010\/11\/contact_img.png\" alt=\"\" width=\"461\" height=\"690\" \/><\/td>\n<\/tr>\n<\/tbody>\n<\/table>\n<p>&nbsp;<\/p>\n","protected":false},"excerpt":{"rendered":"<table>\n<tbody>\n<tr>\n<td valign=\"top\"><span class=\"sub_header\">Kall oss bare Italia-eksperten&#8230;<\/span><\/p>\n<p><\/p>\n<p>&#8230; det gj&oslash;r oss ingenting.<\/p>\n<div>You Go har nemlig spesialisert seg i &aring; finnes ferieboliger i det autentiske, ekte Italia. Vi strekker oss langt for &aring; finne de virkelige unike stedene.<\/div>\n<div>&nbsp;<\/div>\n<div>V&aring;rt m&aring;l er ikke &aring; finne boliger som er s&aring; billig som mulig. Men vi har heller ikke m&aring;l om det motsatte. Vi vil mye heller konsentrere oss om &aring; finne spennende boliger og de virkelig gode opplevelsene.<\/div>\n<div>&nbsp;<\/div>\n<div>Alle som har v&aelig;rt i Italia, vet at det ikke finnes &eacute;n ting, ett sted, &eacute;n vin eller &eacute;n matrett som representerer det ekte Italia. Tvert imot vrimler det av dem, p&aring; mange steder. Disse stedene har vi gjort det til v&aring;rt prosjekt &aring; finne.<\/div>\n<div>&nbsp;<\/div>\n<div>Med gode samarbeidspartnere og huseiere p&aring; stedet synes vi ogs&aring; at vi kan presentere noe vi selv kan st&aring; inne for. Dette er steder som gir base for en god ferie.<\/div>\n<div>&nbsp;<\/div>\n<div>Uansett om man skal p&aring; tur med sine barn ved vannet eller p&aring; en ving&aring;rd, samle storfamilien i en spesiell leilighet i pomp&oslash;se omgivelser, nyte soppsesongen eller italiensk kunst- og kulturskatter med venner eller kastet seg ut &nbsp;i en romantisk flukt fra hverdagen, er You Go garantien for at det beste utgangspunktet er p&aring; plass. P&aring; toppen av det hele f&aring;r du vakker utsikt og vennlige mennesker med p&aring; kj&oslash;pet.<\/div>\n<div>&nbsp;<\/div>\n<p>&nbsp;<\/p>\n<p class=\"rtecenter\">\n<p>&nbsp;<\/p>\n<p>&nbsp;<\/p>\n<\/td>\n<td><img loading=\"lazy\" decoding=\"async\" class=\"about_us_img size-full wp-image-18\" alt=\"\" width=\"461\" height=\"690\" src=\"https:\/\/selectedvillas.dk\/wp-content\/uploads\/2010\/11\/contact_img.png\" \/><\/td>\n<\/tr>\n<\/tbody>\n<\/table>\n","protected":false},"author":2,"featured_media":17,"parent":0,"menu_order":0,"comment_status":"closed","ping_status":"closed","template":"","meta":{"_exactmetrics_skip_tracking":false,"_exactmetrics_sitenote_active":false,"_exactmetrics_sitenote_note":"","_exactmetrics_sitenote_category":0,"footnotes":""},"omrde":[],"class_list":["post-87","page","type-page","status-publish","has-post-thumbnail","hentry"],"acf":[],"yoast_head":"<title>Kall oss bare Italia-eksperten - ferieboliger i det autentiske, ekte Italia<\/title>\n<meta name=\"robots\" content=\"index, follow, max-snippet:-1, max-image-preview:large, max-video-preview:-1\" \/>\n<link rel=\"canonical\" href=\"https:\/\/selectedvillas.dk\/nn\/om-you-go-2\/\" \/>\n<meta property=\"og:locale\" content=\"nn_NO\" \/>\n<meta property=\"og:type\" content=\"article\" \/>\n<meta property=\"og:title\" content=\"Kall oss bare Italia-eksperten - ferieboliger i det autentiske, ekte Italia\" \/>\n<meta property=\"og:description\" content=\"Kall oss bare Italia-eksperten...                     ... det gj\u00f8r oss ingenting.       You Go har nemlig spesialisert seg i \u00e5 finnes ferieboliger i det autentiske, ekte Italia. Vi strekker oss ...\" \/>\n<meta property=\"og:url\" content=\"https:\/\/selectedvillas.dk\/nn\/om-you-go-2\/\" \/>\n<meta property=\"og:site_name\" content=\"Selectedvillas.dk\" \/>\n<meta property=\"article:modified_time\" content=\"2017-10-21T14:46:09+00:00\" \/>\n<meta property=\"og:image\" content=\"https:\/\/selectedvillas.dk\/wp-content\/uploads\/2010\/11\/contact_text.png\" \/>\n\t<meta property=\"og:image:width\" content=\"284\" \/>\n\t<meta property=\"og:image:height\" content=\"62\" \/>\n\t<meta property=\"og:image:type\" content=\"image\/png\" \/>\n<meta name=\"twitter:card\" content=\"summary_large_image\" \/>\n<meta name=\"twitter:label1\" content=\"Est. reading time\" \/>\n\t<meta name=\"twitter:data1\" content=\"1 minutt\" \/>\n<script type=\"application\/ld+json\" class=\"yoast-schema-graph\">{\"@context\":\"https:\/\/schema.org\",\"@graph\":[{\"@type\":\"WebPage\",\"@id\":\"https:\/\/selectedvillas.dk\/nn\/om-you-go-2\/\",\"url\":\"https:\/\/selectedvillas.dk\/nn\/om-you-go-2\/\",\"name\":\"Kall oss bare Italia-eksperten - ferieboliger i det autentiske, ekte Italia\",\"isPartOf\":{\"@id\":\"https:\/\/selectedvillas.dk\/#website\"},\"primaryImageOfPage\":{\"@id\":\"https:\/\/selectedvillas.dk\/nn\/om-you-go-2\/#primaryimage\"},\"image\":{\"@id\":\"https:\/\/selectedvillas.dk\/nn\/om-you-go-2\/#primaryimage\"},\"thumbnailUrl\":\"https:\/\/selectedvillas.dk\/wp-content\/uploads\/2010\/11\/contact_text.png\",\"datePublished\":\"2016-08-22T06:15:19+00:00\",\"dateModified\":\"2017-10-21T14:46:09+00:00\",\"breadcrumb\":{\"@id\":\"https:\/\/selectedvillas.dk\/nn\/om-you-go-2\/#breadcrumb\"},\"inLanguage\":\"nn-NO\",\"potentialAction\":[{\"@type\":\"ReadAction\",\"target\":[\"https:\/\/selectedvillas.dk\/nn\/om-you-go-2\/\"]}]},{\"@type\":\"ImageObject\",\"inLanguage\":\"nn-NO\",\"@id\":\"https:\/\/selectedvillas.dk\/nn\/om-you-go-2\/#primaryimage\",\"url\":\"https:\/\/selectedvillas.dk\/wp-content\/uploads\/2010\/11\/contact_text.png\",\"contentUrl\":\"https:\/\/selectedvillas.dk\/wp-content\/uploads\/2010\/11\/contact_text.png\",\"width\":284,\"height\":62},{\"@type\":\"BreadcrumbList\",\"@id\":\"https:\/\/selectedvillas.dk\/nn\/om-you-go-2\/#breadcrumb\",\"itemListElement\":[{\"@type\":\"ListItem\",\"position\":1,\"name\":\"Hjem\",\"item\":\"https:\/\/selectedvillas.dk\/nn\/\"},{\"@type\":\"ListItem\",\"position\":2,\"name\":\"Om You Go\"}]},{\"@type\":\"WebSite\",\"@id\":\"https:\/\/selectedvillas.dk\/#website\",\"url\":\"https:\/\/selectedvillas.dk\/\",\"name\":\"Selectedvillas.dk\",\"description\":\"Ferieboliger i Italien - Rejser og ture\",\"publisher\":{\"@id\":\"https:\/\/selectedvillas.dk\/#organization\"},\"potentialAction\":[{\"@type\":\"SearchAction\",\"target\":{\"@type\":\"EntryPoint\",\"urlTemplate\":\"https:\/\/selectedvillas.dk\/?s={search_term_string}\"},\"query-input\":{\"@type\":\"PropertyValueSpecification\",\"valueRequired\":true,\"valueName\":\"search_term_string\"}}],\"inLanguage\":\"nn-NO\"},{\"@type\":\"Organization\",\"@id\":\"https:\/\/selectedvillas.dk\/#organization\",\"name\":\"Selectedvillas.dk\",\"url\":\"https:\/\/selectedvillas.dk\/\",\"logo\":{\"@type\":\"ImageObject\",\"inLanguage\":\"nn-NO\",\"@id\":\"https:\/\/selectedvillas.dk\/#\/schema\/logo\/image\/\",\"url\":\"https:\/\/selectedvillas.dk\/wp-content\/uploads\/2017\/05\/cropped-logo2-2.png\",\"contentUrl\":\"https:\/\/selectedvillas.dk\/wp-content\/uploads\/2017\/05\/cropped-logo2-2.png\",\"width\":232,\"height\":103,\"caption\":\"Selectedvillas.dk\"},\"image\":{\"@id\":\"https:\/\/selectedvillas.dk\/#\/schema\/logo\/image\/\"}}]}<\/script>","yoast_head_json":{"title":"Kall oss bare Italia-eksperten - ferieboliger i det autentiske, ekte Italia","robots":{"index":"index","follow":"follow","max-snippet":"max-snippet:-1","max-image-preview":"max-image-preview:large","max-video-preview":"max-video-preview:-1"},"canonical":"https:\/\/selectedvillas.dk\/nn\/om-you-go-2\/","og_locale":"nn_NO","og_type":"article","og_title":"Kall oss bare Italia-eksperten - ferieboliger i det autentiske, ekte Italia","og_description":"Kall oss bare Italia-eksperten...                     ... det gj\u00f8r oss ingenting.       You Go har nemlig spesialisert seg i \u00e5 finnes ferieboliger i det autentiske, ekte Italia. Vi strekker oss ...","og_url":"https:\/\/selectedvillas.dk\/nn\/om-you-go-2\/","og_site_name":"Selectedvillas.dk","article_modified_time":"2017-10-21T14:46:09+00:00","og_image":[{"width":284,"height":62,"url":"https:\/\/selectedvillas.dk\/wp-content\/uploads\/2010\/11\/contact_text.png","type":"image\/png"}],"twitter_card":"summary_large_image","twitter_misc":{"Est. reading time":"1 minutt"},"schema":{"@context":"https:\/\/schema.org","@graph":[{"@type":"WebPage","@id":"https:\/\/selectedvillas.dk\/nn\/om-you-go-2\/","url":"https:\/\/selectedvillas.dk\/nn\/om-you-go-2\/","name":"Kall oss bare Italia-eksperten - ferieboliger i det autentiske, ekte Italia","isPartOf":{"@id":"https:\/\/selectedvillas.dk\/#website"},"primaryImageOfPage":{"@id":"https:\/\/selectedvillas.dk\/nn\/om-you-go-2\/#primaryimage"},"image":{"@id":"https:\/\/selectedvillas.dk\/nn\/om-you-go-2\/#primaryimage"},"thumbnailUrl":"https:\/\/selectedvillas.dk\/wp-content\/uploads\/2010\/11\/contact_text.png","datePublished":"2016-08-22T06:15:19+00:00","dateModified":"2017-10-21T14:46:09+00:00","breadcrumb":{"@id":"https:\/\/selectedvillas.dk\/nn\/om-you-go-2\/#breadcrumb"},"inLanguage":"nn-NO","potentialAction":[{"@type":"ReadAction","target":["https:\/\/selectedvillas.dk\/nn\/om-you-go-2\/"]}]},{"@type":"ImageObject","inLanguage":"nn-NO","@id":"https:\/\/selectedvillas.dk\/nn\/om-you-go-2\/#primaryimage","url":"https:\/\/selectedvillas.dk\/wp-content\/uploads\/2010\/11\/contact_text.png","contentUrl":"https:\/\/selectedvillas.dk\/wp-content\/uploads\/2010\/11\/contact_text.png","width":284,"height":62},{"@type":"BreadcrumbList","@id":"https:\/\/selectedvillas.dk\/nn\/om-you-go-2\/#breadcrumb","itemListElement":[{"@type":"ListItem","position":1,"name":"Hjem","item":"https:\/\/selectedvillas.dk\/nn\/"},{"@type":"ListItem","position":2,"name":"Om You Go"}]},{"@type":"WebSite","@id":"https:\/\/selectedvillas.dk\/#website","url":"https:\/\/selectedvillas.dk\/","name":"Selectedvillas.dk","description":"Ferieboliger i Italien - Rejser og ture","publisher":{"@id":"https:\/\/selectedvillas.dk\/#organization"},"potentialAction":[{"@type":"SearchAction","target":{"@type":"EntryPoint","urlTemplate":"https:\/\/selectedvillas.dk\/?s={search_term_string}"},"query-input":{"@type":"PropertyValueSpecification","valueRequired":true,"valueName":"search_term_string"}}],"inLanguage":"nn-NO"},{"@type":"Organization","@id":"https:\/\/selectedvillas.dk\/#organization","name":"Selectedvillas.dk","url":"https:\/\/selectedvillas.dk\/","logo":{"@type":"ImageObject","inLanguage":"nn-NO","@id":"https:\/\/selectedvillas.dk\/#\/schema\/logo\/image\/","url":"https:\/\/selectedvillas.dk\/wp-content\/uploads\/2017\/05\/cropped-logo2-2.png","contentUrl":"https:\/\/selectedvillas.dk\/wp-content\/uploads\/2017\/05\/cropped-logo2-2.png","width":232,"height":103,"caption":"Selectedvillas.dk"},"image":{"@id":"https:\/\/selectedvillas.dk\/#\/schema\/logo\/image\/"}}]}},"_links":{"self":[{"href":"https:\/\/selectedvillas.dk\/nn\/wp-json\/wp\/v2\/pages\/87","targetHints":{"allow":["GET"]}}],"collection":[{"href":"https:\/\/selectedvillas.dk\/nn\/wp-json\/wp\/v2\/pages"}],"about":[{"href":"https:\/\/selectedvillas.dk\/nn\/wp-json\/wp\/v2\/types\/page"}],"author":[{"embeddable":true,"href":"https:\/\/selectedvillas.dk\/nn\/wp-json\/wp\/v2\/users\/2"}],"replies":[{"embeddable":true,"href":"https:\/\/selectedvillas.dk\/nn\/wp-json\/wp\/v2\/comments?post=87"}],"version-history":[{"count":0,"href":"https:\/\/selectedvillas.dk\/nn\/wp-json\/wp\/v2\/pages\/87\/revisions"}],"wp:featuredmedia":[{"embeddable":true,"href":"https:\/\/selectedvillas.dk\/nn\/wp-json\/wp\/v2\/media\/17"}],"wp:attachment":[{"href":"https:\/\/selectedvillas.dk\/nn\/wp-json\/wp\/v2\/media?parent=87"}],"wp:term":[{"taxonomy":"omrde","embeddable":true,"href":"https:\/\/selectedvillas.dk\/nn\/wp-json\/wp\/v2\/omrde?post=87"}],"curies":[{"name":"wp","href":"https:\/\/api.w.org\/{rel}","templated":true}]}}